{"id":604,"date":"2017-05-18T14:26:35","date_gmt":"2017-05-18T12:26:35","guid":{"rendered":"https:\/\/moden.igzev.de\/?page_id=604"},"modified":"2023-02-06T21:39:14","modified_gmt":"2023-02-06T20:39:14","slug":"galerie","status":"publish","type":"page","link":"https:\/\/moden.igzev.de\/de\/veroeffentlichungen\/galerie\/","title":{"rendered":"Galerie"},"content":{"rendered":"\n<figure class=\"wp-block-image size-large\"><img src=\"https:\/\/moden.igzev.de\/wp-content\/uploads\/2023\/02\/220309_Stickstoffduengung.gif\" alt=\"\"\/><figcaption>Neue BZL-Brosch\u00fcre &#8222;Stickstoffd\u00fcngung im Freilandgem\u00fcsebau&#8220;<br>Praxistaugliche Tipps zur effizienteren D\u00fcngung gibt die neue Brosch\u00fcre &#8222;Stickstoffd\u00fcngung im Freilandgem\u00fcsebau&#8220; des Bundesinformationszentrums Landwirtschaft (BZL). Sie fasst die Ergebnisse des Modell- und Demonstrationsvorhabens &#8222;Optimierung der Stickstoffd\u00fcngung im Freilandgem\u00fcsebau&#8220; zusammen. Die Brosch\u00fcre ist ab sofort kostenlos i<strong>m&nbsp;<\/strong><a href=\"https:\/\/www.ble-medienservice.de\/\">BLE-Medienservice<\/a><strong>&nbsp;erh\u00e4ltlich<\/strong><\/figcaption><\/figure>\n\n\n\n<h4>MoDeN auf der Gr\u00fcnen Woche <\/h4>\n\n\n\n<figure class=\"wp-block-image size-large is-style-default\"><img loading=\"lazy\" width=\"768\" height=\"1024\" src=\"https:\/\/moden.igzev.de\/wp-content\/uploads\/2021\/02\/DSC03521-768x1024.jpg\" alt=\"\" class=\"wp-image-714\" srcset=\"https:\/\/moden.igzev.de\/wp-content\/uploads\/2021\/02\/DSC03521-768x1024.jpg 768w, https:\/\/moden.igzev.de\/wp-content\/uploads\/2021\/02\/DSC03521-225x300.jpg 225w, https:\/\/moden.igzev.de\/wp-content\/uploads\/2021\/02\/DSC03521-1152x1536.jpg 1152w, https:\/\/moden.igzev.de\/wp-content\/uploads\/2021\/02\/DSC03521-1536x2048.jpg 1536w, https:\/\/moden.igzev.de\/wp-content\/uploads\/2021\/02\/DSC03521-scaled.jpg 1920w\" sizes=\"(max-width: 768px) 100vw, 768px\" \/><\/figure>\n\n\n\n<figure class=\"wp-block-image size-large\"><img loading=\"lazy\" width=\"768\" height=\"1024\" src=\"https:\/\/moden.igzev.de\/wp-content\/uploads\/2021\/02\/DSC03526-768x1024.jpg\" alt=\"\" class=\"wp-image-712\" srcset=\"https:\/\/moden.igzev.de\/wp-content\/uploads\/2021\/02\/DSC03526-768x1024.jpg 768w, https:\/\/moden.igzev.de\/wp-content\/uploads\/2021\/02\/DSC03526-225x300.jpg 225w, https:\/\/moden.igzev.de\/wp-content\/uploads\/2021\/02\/DSC03526-1152x1536.jpg 1152w, https:\/\/moden.igzev.de\/wp-content\/uploads\/2021\/02\/DSC03526-1536x2048.jpg 1536w, https:\/\/moden.igzev.de\/wp-content\/uploads\/2021\/02\/DSC03526-scaled.jpg 1920w\" sizes=\"(max-width: 768px) 100vw, 768px\" \/><\/figure>\n\n\n<p><strong>Tag der offenen T\u00fcr im Knoblauchsland 2017<\/strong><\/p>\n<p><img loading=\"lazy\" class=\"alignnone wp-image-605\" src=\"https:\/\/moden.igzev.de\/wp-content\/uploads\/2017\/05\/Foto-vom-Projektstand-Tag-off-T\u00fcr-Knobiland-AELF-F\u00fcrth-300x225.jpg\" alt=\"\" width=\"1200\" height=\"900\" srcset=\"https:\/\/moden.igzev.de\/wp-content\/uploads\/2017\/05\/Foto-vom-Projektstand-Tag-off-T\u00fcr-Knobiland-AELF-F\u00fcrth-300x225.jpg 300w, https:\/\/moden.igzev.de\/wp-content\/uploads\/2017\/05\/Foto-vom-Projektstand-Tag-off-T\u00fcr-Knobiland-AELF-F\u00fcrth-768x576.jpg 768w, https:\/\/moden.igzev.de\/wp-content\/uploads\/2017\/05\/Foto-vom-Projektstand-Tag-off-T\u00fcr-Knobiland-AELF-F\u00fcrth-1024x768.jpg 1024w\" sizes=\"(max-width: 1200px) 100vw, 1200px\" \/><\/p>\n<p>Zum 25. Mal fand der Tag der offenen T\u00fcr im Knoblauchsland statt. 16 Betriebe \u00f6ffneten den ca. 30.000 Besuchern ihre Tore, um den Gem\u00fcseanbau von der Aussaat\/Pflanzung bis zur Ernte und Verarbeitung\/Verpackung zu zeigen. Das Projekt war zusammen mit der Landesanstalt f\u00fcr Landwirtschaft und dem Amt f\u00fcr Ern\u00e4hrung, Landwirtschaft und Forsten F\u00fcrth mit einem Stand vertreten. Neben der Vorstellung des Projekts (Poster) wurde ein Schnelltest zur Messung von Nitrat in B\u00f6den, Wasser und Pflanzen praktisch vorgef\u00fchrt.<\/p>\n<p>\u00a0<\/p>","protected":false},"excerpt":{"rendered":"<p>MoDeN auf der Gr\u00fcnen Woche Tag der offenen T\u00fcr im Knoblauchsland 2017 Zum 25. Mal fand der Tag der offenen T\u00fcr im Knoblauchsland statt. 16 Betriebe \u00f6ffneten den ca. 30.000 Besuchern ihre Tore, um den Gem\u00fcseanbau von der Aussaat\/Pflanzung bis zur Ernte und Verarbeitung\/Verpackung zu zeigen. Das Projekt war zusammen mit der Landesanstalt f\u00fcr Landwirtschaft &hellip; <a href=\"https:\/\/moden.igzev.de\/de\/veroeffentlichungen\/galerie\/\" class=\"more-link\"><span class=\"screen-reader-text\">Galerie<\/span> weiterlesen <span class=\"meta-nav\">&rarr;<\/span><\/a><\/p>\n","protected":false},"author":4315,"featured_media":0,"parent":332,"menu_order":0,"comment_status":"closed","ping_status":"closed","template":"","meta":[],"_links":{"self":[{"href":"https:\/\/moden.igzev.de\/en\/wp-json\/wp\/v2\/pages\/604"}],"collection":[{"href":"https:\/\/moden.igzev.de\/en\/wp-json\/wp\/v2\/pages"}],"about":[{"href":"https:\/\/moden.igzev.de\/en\/wp-json\/wp\/v2\/types\/page"}],"author":[{"embeddable":true,"href":"https:\/\/moden.igzev.de\/en\/wp-json\/wp\/v2\/users\/4315"}],"replies":[{"embeddable":true,"href":"https:\/\/moden.igzev.de\/en\/wp-json\/wp\/v2\/comments?post=604"}],"version-history":[{"count":3,"href":"https:\/\/moden.igzev.de\/en\/wp-json\/wp\/v2\/pages\/604\/revisions"}],"predecessor-version":[{"id":741,"href":"https:\/\/moden.igzev.de\/en\/wp-json\/wp\/v2\/pages\/604\/revisions\/741"}],"up":[{"embeddable":true,"href":"https:\/\/moden.igzev.de\/en\/wp-json\/wp\/v2\/pages\/332"}],"wp:attachment":[{"href":"https:\/\/moden.igzev.de\/en\/wp-json\/wp\/v2\/media?parent=604"}],"curies":[{"name":"wp","href":"https:\/\/api.w.org\/{rel}","templated":true}]}}