{"id":341,"date":"2016-08-05T11:24:24","date_gmt":"2016-08-05T09:24:24","guid":{"rendered":"http:\/\/localhorst\/wordpress\/?page_id=341"},"modified":"2021-02-16T16:25:24","modified_gmt":"2021-02-16T15:25:24","slug":"datenschutz","status":"publish","type":"page","link":"https:\/\/moden.igzev.de\/de\/datenschutz\/","title":{"rendered":"Datenschutz"},"content":{"rendered":"<p><span style=\"color: #000000;\">Der Schutz Ihrer Privatsph\u00e4re ist uns wichtig. Daher nehmen Sie bitte nachstehende Informationen \u00fcber die Nutzung dieser Website zur Kenntnis.<\/span><\/p>\n<p><span style=\"color: #000000;\">Im Folgenden informieren wir Sie \u00fcber Art, Umfang und Zwecke der Erhebung und Verwendung personenbezogener Daten. Sie k\u00f6nnen diese Informationen jederzeit auf unserer Webseite abrufen. Diese Unterrichtung bezieht sich auf die Nutzung des Dienstes mittels PC, Smartphone, Tablet sowie alle weiteren internetf\u00e4higen Endger\u00e4te.<\/span><\/p>\n<h5>Datenschutzhinweise<\/h5>\n<h6><strong><span style=\"color: #000000;\">Verantwortliche Stelle<\/span><\/strong><\/h6>\n<p><span style=\"color: #000000;\">Verantwortliche datenverarbeitende Stelle im Sinne der Richtlinie 95\/46\/EG (Datenschutzrichtlinie) und des Bundesdatenschutzgesetzes (BDSG) ist das Leibniz-Institut f\u00fcr Gem\u00fcse- und Zierpflanzenbau Gro\u00dfbeeren\/Erfurt e.V., Theodor-Echtermeyer-Weg 1, 14979 Gro\u00dfbeeren.<\/span><\/p>\n<h6><strong><span style=\"color: #000000;\">Personenbezogene Daten<\/span><\/strong><\/h6>\n<p><span style=\"color: #000000;\">Personenbezogene Daten im Sinne der Richtlinie 95\/46\/EG (Datenschutzrichtlinie) und der einschl\u00e4gigen deutschen Datenschutzbestimmungen (insbesondere BDSG und TMG) sind Einzelangaben \u00fcber pers\u00f6nliche oder sachliche Verh\u00e4ltnisse einer bestimmten oder bestimmbaren nat\u00fcrlichen Person (Betroffener), z.B. Ihr Name, Ihre Anschrift, Ihre E-Mailadresse, Ihr Geburtsdatum etc.<\/span><\/p>\n<p>&nbsp;<\/p>\n<h6><strong><span style=\"color: #000000;\">Erhebung und Verwendung von Daten<\/span><\/strong><\/h6>\n<h6><span style=\"color: #000000;\"> 1. Informatorische Nutzung der Webseite<\/span><\/h6>\n<p><span style=\"color: #000000;\"> Bei der blo\u00dfen informatorischen Nutzung der Website erheben wir keine personenbezogenen Daten, mit Ausnahme der Daten, die Ihr Browser \u00fcbermittelt, um Ihnen den Besuch der Website zu erm\u00f6glichen. <\/span><\/p>\n<p><span style=\"text-decoration: underline;\"><span style=\"color: #000000; text-decoration: underline;\">Dazu geh\u00f6ren beispielsweise:<\/span><\/span><br \/>\n<span style=\"color: #000000;\"> \u2022 IP-Adresse<\/span><br \/>\n<span style=\"color: #000000;\"> \u2022 Datum und Uhrzeit der Anfrage<\/span><br \/>\n<span style=\"color: #000000;\"> \u2022 URL (Adresse) der verweisenden Webseite<\/span><br \/>\n<span style=\"color: #000000;\"> \u2022 abgerufene Datei<\/span><br \/>\n<span style=\"color: #000000;\"> \u2022 Menge der gesendeten Daten<\/span><br \/>\n<span style=\"color: #000000;\"> \u2022 Browsertyp und -version, Betriebssystem<\/span><\/p>\n<p><span style=\"color: #000000;\">Diese Informationen werden von uns anonymisiert statistisch ausgewertet und ausschlie\u00dflich dazu verwendet, die Attraktivit\u00e4t, Inhalte und Funktionalit\u00e4ten unserer Webseite zu verbessern. Diese Daten werden von uns nicht dazu verwendet werden, den einzelnen Nutzer zu identifizieren. Eine Zusammenf\u00fchrung dieser Daten mit anderen Datenquellen wird nicht vorgenommen. Die Daten werden nach einer statistischen Auswertung gel\u00f6scht.<\/span><\/p>\n<p>&nbsp;<\/p>\n<h6><span style=\"color: #000000;\">2. Erhebung und Verwendung personenbezogener Daten<\/span><\/h6>\n<p><span style=\"color: #000000;\"><strong>\u2022<\/strong> <strong>Kontakt<\/strong><\/span><br \/>\n<span style=\"color: #000000;\"> Personenbezogene Daten (z.B. Name, E-Mail-Adresse) werden auf dieser Webseite nur dann erhoben, wenn Sie uns diese von sich aus mitteilen, beispielsweise wenn Sie mit uns in Kontakt treten, z.B. wenn Sie diese Daten in einem Eingabefeld auf unserer Webseite eingeben oder per E-Mail an uns senden.<\/span><br \/>\n<span style=\"color: #000000;\"> Ihre personenbezogenen Daten werden nur zum Kontakt oder zu dem Zweck verwendet, f\u00fcr den Sie uns diese Daten bereitgestellt haben, z.B. zur Bearbeitung Ihrer Anfragen oder technische Administration der Webseite.<\/span><br \/>\n<span style=\"color: #000000;\"> Eine Mitteilung dieser Angaben erfolgt ausdr\u00fccklich auf freiwilliger Basis und mit Ihrer Einwilligung. Soweit es sich hierbei um Angaben zu Kommunikationskan\u00e4len (beispielsweise E-Mail-Adresse, Telefonnummer) handelt, willigen Sie au\u00dferdem ein, dass wir Sie ggf. auch \u00fcber diesen Kommunikationskanal kontaktieren, um Ihr Anliegen zu beantworten.<\/span><\/p>\n<p><span style=\"color: #000000;\"><strong>\u2022<\/strong> <strong>Bewerbungsverfahren<\/strong><\/span><br \/>\n<span style=\"color: #000000;\"> Sofern Sie sich auf elektronischem Wege bei unserem Institut bewerben, werden Ihre Angaben ausschlie\u00dflich zur Bearbeitung Ihrer Bewerbung verwendet und nicht an Dritte weitergegeben. Ihre pers\u00f6nlichen Daten sind den jeweiligen Personalverantwortlichen zug\u00e4nglich und werden im Einzelfall ausgew\u00e4hlten F\u00fchrungskr\u00e4ften zur Verf\u00fcgung gestellt. Diesen ist es untersagt, die Daten in anderer Weise als der vorgenannten zu benutzen. Bitte beachten Sie, dass unverschl\u00fcsselt \u00fcbersandte E-Mails nicht zugriffsgesch\u00fctzt \u00fcbermittelt werden.<\/span><\/p>\n<h6><strong><span style=\"color: #000000;\">Ihre Rechte<\/span><\/strong><\/h6>\n<p><span style=\"color: #000000;\">\u2022<strong> Widerrufsrecht<\/strong><\/span><br \/>\n<span style=\"color: #000000;\"> Sie haben das Recht, eine durch Sie erteilte Einwilligung in die Erhebung und Verwendung personenbezogener Daten mit Wirkung f\u00fcr die Zukunft jederzeit zu widerrufen.<\/span><\/p>\n<p><span style=\"color: #000000;\">\u2022 <strong>Auskunftsrecht<\/strong><\/span><br \/>\n<span style=\"color: #000000;\"> Sie haben das Recht, Auskunft \u00fcber die zu Ihrer Person gespeicherten Daten zu verlangen. Auf Ihr Verlangen kann die Auskunft auch elektronisch erteilt werden.<\/span><\/p>\n<p><span style=\"color: #000000;\">\u2022 <strong>Recht auf Korrektur, L\u00f6schung, oder Sperrung<\/strong><\/span><br \/>\n<span style=\"color: #000000;\"> Sie haben das Recht, die Korrektur, L\u00f6schung oder Sperrung der zu Ihnen gespeicherten personenbezogenen Daten zu verlangen. Sollten gesetzliche Vorschriften eine L\u00f6schung nicht zulassen, werden Ihre Daten stattdessen gesperrt, so dass sie nur noch zum Zwecke der zwingenden gesetzlichen Vorschriften zug\u00e4nglich sind.<\/span><\/p>\n<p><span style=\"color: #000000;\">\u2022 <strong>Kontakt<\/strong><\/span><br \/>\n<span style=\"color: #000000;\"> Zur Wahrnehmung Ihrer vorstehenden Rechte auf Widerruf, Auskunft, Korrektur, L\u00f6schung oder Sperrung Ihrer personenbezogenen Daten, wenden Sie sich bitte per Post an die Adresse Leibniz-Institut f\u00fcr Gem\u00fcse- und Zierpflanzenbau Gro\u00dfbeeren\/Erfurt e.V., Theodor-Echtermeyer-Weg 1, 14979 Gro\u00dfbeeren oder per E-Mail an <span style=\"color: #0000ff;\"><a style=\"color: #0000ff;\" href=\"mailto:igzev@igzev.de\" target=\"_blank\" rel=\"noopener\">igzev@igzev.de<\/a><\/span>. Die Inanspruchnahme Ihrer vorstehenden Rechte ist f\u00fcr Sie kostenlos.<\/span><\/p>\n<h6><strong><span style=\"color: #000000;\">In welchen F\u00e4llen haben Dritte Zugriff auf Daten von Ihnen?<\/span><\/strong><\/h6>\n<p><span style=\"color: #000000;\">Ihre Daten werden nicht an Dritte weitergegeben, es sei denn es liegt eine Einverst\u00e4ndniserkl\u00e4rung Ihrerseits vor oder wir sind zur Weitergabe gesetzlich verpflichtet. In diesen F\u00e4llen beschr\u00e4nkt sich der Umfang der \u00fcbermittelten Daten jedoch auf das erforderliche Minimum.<\/span><br \/>\n<span style=\"color: #000000;\"> Falls wir im Verarbeitungsprozess Dienstleister einsetzen, werden die Vertragsverh\u00e4ltnisse nach den Bestimmungen des Bundesdatenschutzgesetzes geregelt. Zus\u00e4tzlich haben wir durch technische und organisatorische Ma\u00dfnahmen sowie durch regelm\u00e4\u00dfige Kontrollen sichergestellt, dass diese die Vorschriften des Datenschutzgesetzes einhalten.<\/span><\/p>\n<h6><strong><span style=\"color: #000000;\">Cookies und Webanalyse<\/span><\/strong><\/h6>\n<h6><span style=\"color: #000000;\">1. Cookies<\/span><\/h6>\n<p><span style=\"color: #000000;\">F\u00fcr die statistische Auswertung setzen wir Cookies ein. Cookies sind Dateien, die auf der Festplatte Ihres Computers, Smartphones oder Tablets abgelegt werden und der Erleichterung der Navigation dienen. Sie vermeiden, dass bei jeder Nutzung alle erforderlichen Daten neu eingegeben werden m\u00fcssen. Cookies helfen uns, unsere Webseite genau auf Ihre Bed\u00fcrfnisse, wie z. B. bevorzugte Sprache oder Interessengebiete, zuzuschneiden. \u00dcber die Cookies werden beispielsweise Zeit-, Default-Einstellungen und Merken der eingestellten Ansicht festgehalten.<\/span><br \/>\n<span style=\"color: #000000;\"> Wenn Sie das nicht w\u00fcnschen, brauchen Sie nur in Ihrem Browser die Annahme von Cookies auszuschalten. Die meisten Browser akzeptieren Cookies automatisch, bieten aber die M\u00f6glichkeit an, Cookies abzulehnen oder vor Speicherung eine Warnung anzuzeigen. Wie dies im Einzelnen funktioniert, entnehmen Sie bitte der Anleitung Ihres Browser-Herstellers.<\/span><br \/>\n<span style=\"color: #000000;\"> F\u00fcr den reinen Besuch unserer Seite ist das Zulassen von Cookies nicht zwingend erforderlich. Das Abschalten s\u00e4mtlicher Cookies kann aber dazu f\u00fchren, dass einige Funktionen auf unseren Internetseiten nicht ausgef\u00fchrt werden k\u00f6nnen.<\/span><\/p>\n<h6><span style=\"color: #000000;\">2. Webanalyse<\/span><\/h6>\n<p><span style=\"color: #000000;\">Diese Website verwendet Piwik, dabei handelt es sich um einen Webanalysedienst. Piwik verwendet sog. Cookies, das sind Textdateien, die auf Ihrem Computer gespeichert werden und die unsererseits eine Analyse der Benutzung der Webseite erm\u00f6glichen. Zu diesem Zweck werden die durch den Cookie erzeugten Nutzungsinformationen (einschlie\u00dflich Ihrer gek\u00fcrzten IP-Adresse) an unseren Server \u00fcbertragen und zu Nutzungsanalysezwecken gespeichert, was der Webseitenoptimierung unsererseits dient. Ihre IP-Adresse wird bei diesem Vorgang umgehend anonymisiert, so dass Sie als Nutzer f\u00fcr uns anonym bleiben. Die durch den Cookie erzeugten Informationen \u00fcber Ihre Benutzung dieser Webseite werden nicht an Dritte weitergegeben. Sie k\u00f6nnen die Verwendung der Cookies durch eine entsprechende Einstellung Ihrer Browser Software verhindern, es kann jedoch sein, dass Sie in diesem Fall gegebenenfalls nicht s\u00e4mtliche Funktionen dieser Website voll umf\u00e4nglich nutzen k\u00f6nnen.<\/span><\/p>\n<p><span style=\"color: #000000;\">Wenn Sie mit der Speicherung und Auswertung dieser Daten aus Ihrem Besuch nicht einverstanden sind, dann k\u00f6nnen Sie der Speicherung und Nutzung nachfolgend per Mausklick jederzeit widersprechen. In diesem Fall wird in Ihrem Browser ein sog. Opt-Out-Cookie abgelegt, was zur Folge hat, dass Piwik keinerlei Sitzungsdaten erhebt. Achtung: Wenn Sie Ihre Cookies l\u00f6schen, so hat dies zur Folge, dass auch das Opt-Out-Cookie gel\u00f6scht wird und ggf. von Ihnen erneut aktiviert werden muss.<\/span><\/p>\n<p>&nbsp;<\/p>\n<h6><strong><span style=\"color: #000000;\">Datensicherheit<\/span><\/strong><\/h6>\n<p><span style=\"color: #000000;\">Zum Schutz Ihrer bei uns gespeicherten personenbezogenen Daten vor unberechtigtem Zugriff und Missbrauch unterhalten wir aktuelle technische und betriebliche Sicherheitsvorkehrungen. Unsere Sicherheitsverfahren werden regelm\u00e4\u00dfig \u00fcberpr\u00fcft und dem technologischen Fortschritt angepasst.<\/span><\/p>\n<h6>&nbsp;<strong><span style=\"color: #000000;\">Links<\/span><\/strong><\/h6>\n<p><span style=\"color: #000000;\">Auf der Webseite finden Sie Links zu anderen Webseiten, die f\u00fcr Sie von Interesse sein k\u00f6nnen. Das Leibniz-Institut f\u00fcr Gem\u00fcse- und Zierpflanzenbau Gro\u00dfbeeren\/Erfurt e.V.ist nicht f\u00fcr die Datenschutzpraktiken bez\u00fcglich anderer Webseiten oder deren Inhalte verantwortlich. Daher k\u00f6nnen diese Datenschutzhinweise von den Datenschutzbestimmungen der anderen Webseiten abweichen. Wir empfehlen Ihnen, die jeweils anderen Datenschutzhinweise ebenfalls zur Kenntnis zu nehmen.<\/span><\/p>\n<h6><strong><span style=\"color: #000000;\">\u00c4nderungen der Datenschutzhinweise<\/span><\/strong><\/h6>\n<p><span style=\"color: #000000;\">Wir behalten uns das Recht vor, diese Datenschutzerkl\u00e4rung jederzeit unter Beachtung der geltenden Datenschutzvorschriften zu \u00e4ndern. Derzeitiger Stand ist Januar 2016.<\/span><\/p>\n","protected":false},"excerpt":{"rendered":"<p>Der Schutz Ihrer Privatsph\u00e4re ist uns wichtig. Daher nehmen Sie bitte nachstehende Informationen \u00fcber die Nutzung dieser Website zur Kenntnis. Im Folgenden informieren wir Sie \u00fcber Art, Umfang und Zwecke der Erhebung und Verwendung personenbezogener Daten. Sie k\u00f6nnen diese Informationen jederzeit auf unserer Webseite abrufen. Diese Unterrichtung bezieht sich auf die Nutzung des Dienstes mittels &hellip; <a href=\"https:\/\/moden.igzev.de\/de\/datenschutz\/\" class=\"more-link\"><span class=\"screen-reader-text\">Datenschutz<\/span> weiterlesen <span class=\"meta-nav\">&rarr;<\/span><\/a><\/p>\n","protected":false},"author":4295,"featured_media":0,"parent":0,"menu_order":0,"comment_status":"closed","ping_status":"closed","template":"","meta":[],"_links":{"self":[{"href":"https:\/\/moden.igzev.de\/en\/wp-json\/wp\/v2\/pages\/341"}],"collection":[{"href":"https:\/\/moden.igzev.de\/en\/wp-json\/wp\/v2\/pages"}],"about":[{"href":"https:\/\/moden.igzev.de\/en\/wp-json\/wp\/v2\/types\/page"}],"author":[{"embeddable":true,"href":"https:\/\/moden.igzev.de\/en\/wp-json\/wp\/v2\/users\/4295"}],"replies":[{"embeddable":true,"href":"https:\/\/moden.igzev.de\/en\/wp-json\/wp\/v2\/comments?post=341"}],"version-history":[{"count":1,"href":"https:\/\/moden.igzev.de\/en\/wp-json\/wp\/v2\/pages\/341\/revisions"}],"predecessor-version":[{"id":703,"href":"https:\/\/moden.igzev.de\/en\/wp-json\/wp\/v2\/pages\/341\/revisions\/703"}],"wp:attachment":[{"href":"https:\/\/moden.igzev.de\/en\/wp-json\/wp\/v2\/media?parent=341"}],"curies":[{"name":"wp","href":"https:\/\/api.w.org\/{rel}","templated":true}]}}