{"id":8,"date":"2016-02-08T16:04:33","date_gmt":"2016-02-08T15:04:33","guid":{"rendered":"http:\/\/localhorst\/wordpress\/?page_id=8"},"modified":"2017-01-05T09:55:05","modified_gmt":"2017-01-05T08:55:05","slug":"impressum","status":"publish","type":"page","link":"https:\/\/moden.igzev.de\/en\/impressum\/","title":{"rendered":"Imprint"},"content":{"rendered":"<p>Leibniz-Institut f\u00fcr Gem\u00fcse- und<br \/>\nZierpflanzenbau Gro\u00dfbeeren\/Erfurt e.V.<br \/>\nTheodor-Echtermeyer-Weg 1<br \/>\n14979 Gro\u00dfbeeren<br \/>\nTel.: +49 (0)33701-78131<br \/>\nFax: +49 (0)33701-55391<br \/>\nE-Mail: <a href=\"mailto:igzev@igzev.de\">igzev@igzev.de<\/a><\/p>\n<p>Vertretungsberechtigter Vorstand: Prof. Dr. Eckhard George, (Direktor), Prof. Dr. Philipp Franken (stellvertretender Direktor), Prof. Dr. Monika Schreiner (stellvertretender Direktorin), Dipl.-Ing. Wolfgang Nehls (Verwaltungsleiter)<\/p>\n<p>Registergericht: Amtsgericht Potsdam, Registernummer: 4689P<br \/>\nUmsatzsteuer-Identifikationsummer gem\u00e4\u00df \u00a7 27 a Umsatzsteuergesetz: DE 153103597<br \/>\nInhaltlich Verantwortlich gem\u00e4\u00df \u00a7 55 RStV: Dr. Matthias Fink<\/p>\n","protected":false},"excerpt":{"rendered":"<p>Leibniz-Institut f\u00fcr Gem\u00fcse- und Zierpflanzenbau Gro\u00dfbeeren\/Erfurt e.V. Theodor-Echtermeyer-Weg 1 14979 Gro\u00dfbeeren Tel.: +49 (0)33701-78131 Fax: +49 (0)33701-55391 E-Mail: igzev@igzev.de Vertretungsberechtigter Vorstand: Prof. Dr. Eckhard George, (Direktor), Prof. Dr. Philipp Franken (stellvertretender Direktor), Prof. Dr. Monika Schreiner (stellvertretender Direktorin), Dipl.-Ing. Wolfgang Nehls (Verwaltungsleiter) Registergericht: Amtsgericht Potsdam, Registernummer: 4689P Umsatzsteuer-Identifikationsummer gem\u00e4\u00df \u00a7 27 a Umsatzsteuergesetz: DE 153103597 &hellip; <a href=\"https:\/\/moden.igzev.de\/en\/impressum\/\" class=\"more-link\"><span class=\"screen-reader-text\">Imprint<\/span> weiterlesen <span class=\"meta-nav\">&rarr;<\/span><\/a><\/p>\n","protected":false},"author":4297,"featured_media":0,"parent":0,"menu_order":0,"comment_status":"closed","ping_status":"closed","template":"","meta":[],"_links":{"self":[{"href":"https:\/\/moden.igzev.de\/de\/wp-json\/wp\/v2\/pages\/8"}],"collection":[{"href":"https:\/\/moden.igzev.de\/de\/wp-json\/wp\/v2\/pages"}],"about":[{"href":"https:\/\/moden.igzev.de\/de\/wp-json\/wp\/v2\/types\/page"}],"author":[{"embeddable":true,"href":"https:\/\/moden.igzev.de\/de\/wp-json\/wp\/v2\/users\/4297"}],"replies":[{"embeddable":true,"href":"https:\/\/moden.igzev.de\/de\/wp-json\/wp\/v2\/comments?post=8"}],"version-history":[{"count":6,"href":"https:\/\/moden.igzev.de\/de\/wp-json\/wp\/v2\/pages\/8\/revisions"}],"predecessor-version":[{"id":15,"href":"https:\/\/moden.igzev.de\/de\/wp-json\/wp\/v2\/pages\/8\/revisions\/15"}],"wp:attachment":[{"href":"https:\/\/moden.igzev.de\/de\/wp-json\/wp\/v2\/media?parent=8"}],"curies":[{"name":"wp","href":"https:\/\/api.w.org\/{rel}","templated":true}]}}