{"id":586,"date":"2017-05-11T09:37:33","date_gmt":"2017-05-11T07:37:33","guid":{"rendered":"https:\/\/moden.igzev.de\/?page_id=586"},"modified":"2017-05-11T09:37:33","modified_gmt":"2017-05-11T07:37:33","slug":"veroeffentlichungen-igz-zu-n-expert","status":"publish","type":"page","link":"https:\/\/moden.igzev.de\/de\/veroeffentlichungen-igz-zu-n-expert\/","title":{"rendered":"Ver\u00f6ffentlichungen IGZ zu N-Expert"},"content":{"rendered":"<p>Das Computerprogramm \u201e<strong>N-Expert \u2013 D\u00fcngungsberatung und N\u00e4hrstoffbilanzierung im Freilandgem\u00fcsebau<\/strong>\u201c unterst\u00fctzt Landwirte und D\u00fcngungsberater bei der Ermittlung des D\u00fcngungsbedarfs von Gem\u00fcsekulturen und bei der Erstellung von N\u00e4hrstoffbilanzen gem\u00e4\u00df D\u00fcngeverordnung. Das vom IGZ herausgegebene Programm wurde 2016 vollst\u00e4ndig \u00fcberarbeitet.<br \/>\nDie neue N-Expert Version 4.3. berechnet schlagspezifische N-D\u00fcngeempfehlungen und sch\u00e4tzt dazu nicht nur die N-Aufnahme von Gem\u00fcsekulturen, sondern auch die N-Mineralisierung aus organischer Bodensubstanz und aus organischen D\u00fcngemitteln. Daher kann N-Expert jetzt nicht nur von konventionellen, sondern auch von biologisch wirtschaftenden Gem\u00fcsebaubetrieben f\u00fcr die D\u00fcngeplanung genutzt werden.<br \/>\nDie mitgelieferte Datenbank enth\u00e4lt aktuelle Informationen \u00fcber den N\u00e4hrstoffbedarf (N, P, K, Mg) von allen wichtigen Gem\u00fcsearten und von vielen weiteren Pflanzenarten, die in der Fruchtfolge mit Gem\u00fcse angebaut werden k\u00f6nnen. Die Datenbank bleibt durch automatische Updates immer auf dem aktuellen Stand.<\/p>\n<p>F\u00fcr das Fr\u00fchjahr 2017 ist eine neue Version geplant, die D\u00fcngebedarf und N\u00e4hrstoffvergleiche f\u00fcr N und P gem\u00e4\u00df D\u00fcV 2017 berechnet und die Ergebnisse auf den von der D\u00fcV vorgegebenen Formularen ausgibt.<\/p>\n<p><strong>Downloads:<\/strong><\/p>\n<ul>\n<li style=\"list-style-type: none;\">\n<ol>\n<li><strong>Das Computerprogramm \u201eN-Expert \u2013 D\u00fcngungsberatung und N\u00e4hrstoffbilanzierung im Freilandgem\u00fcsebau\u201c<\/strong>.<br \/>\nF\u00fcr Windows-Betriebssysteme bieten wir einen Installer, der das N-Expert-Programm, die N-Expert-Datenbank und eine aktuelle Java-Laufzeitumgebung auf dem Computer des Benutzers installiert: <a href=\"http:\/\/www.igzev.de\/projects\/n-expert\/versions\/N-Expert-4.3.1.exe\"><strong>N-Expert \u2013 Installationsprogramm f\u00fcr Windows (ca. 80 MB)<\/strong><br \/>\n<\/a>Sowohl das Installationsprogramm als auch das N-Expert-Programm ben\u00f6tigen keine Windows-Administratorrechte. Bitte beachten Sie <a href=\"http:\/\/www.igzev.de\/wp-content\/uploads\/2014\/11\/Release-Notes-N-Expert-4.3.1-DE.pdf\" target=\"_blank\" rel=\"noopener noreferrer\"><strong>die aktuellen Informationen<\/strong> <\/a>zur N-Expert Software.<\/li>\n<li><strong>Eine umfangreiche Beschreibung<\/strong>, welche Daten in der N-Expert Datenbank genutzt werden (einzelne Daten sind inzwischen veraltet, aber die Beschreibung ist noch aktuell): <a href=\"http:\/\/www.igzev.de\/publikationen\/IGZ_Duengung_im_Freilandgemuesebau.pdf\">pdf<\/a><\/li>\n<li><strong>Nmin-Sollwerte<\/strong> f\u00fcr den Freilandgem\u00fcsebau: <a href=\"http:\/\/www.igzev.de\/publikationen\/IGZ_N-Sollwerte_Gemuese.pdf\">pdf<\/a><\/li>\n<li><strong>N\u00e4hrstoffgehalten<\/strong> <strong>in den Ernteprodukten und in den Ernteresten<\/strong> von Gem\u00fcsekulturen: <a href=\"http:\/\/www.igzev.de\/publikationen\/IGZ_N-P-K-Mg-Feldabfuhr_Gemuese.pdf\">pdf<\/a><\/li>\n<li><strong>N\u00e4hrstoffgehalte und N-Mineralisierung organischer D\u00fcngemittel: <\/strong><a href=\"https:\/\/moden.igzev.de\/wp-content\/uploads\/2017\/05\/IGZ_Organische_Duenger-MF-2017-05-03.pdf\">pdf<\/a><\/li>\n<\/ol>\n<\/li>\n<\/ul>\n","protected":false},"excerpt":{"rendered":"<p>Das Computerprogramm \u201eN-Expert \u2013 D\u00fcngungsberatung und N\u00e4hrstoffbilanzierung im Freilandgem\u00fcsebau\u201c unterst\u00fctzt Landwirte und D\u00fcngungsberater bei der Ermittlung des D\u00fcngungsbedarfs von Gem\u00fcsekulturen und bei der Erstellung von N\u00e4hrstoffbilanzen gem\u00e4\u00df D\u00fcngeverordnung. Das vom IGZ herausgegebene Programm wurde 2016 vollst\u00e4ndig \u00fcberarbeitet. Die neue N-Expert Version 4.3. berechnet schlagspezifische N-D\u00fcngeempfehlungen und sch\u00e4tzt dazu nicht nur die N-Aufnahme von Gem\u00fcsekulturen, sondern &hellip; <a href=\"https:\/\/moden.igzev.de\/de\/veroeffentlichungen-igz-zu-n-expert\/\" class=\"more-link\"><span class=\"screen-reader-text\">Ver\u00f6ffentlichungen IGZ zu N-Expert<\/span> weiterlesen <span class=\"meta-nav\">&rarr;<\/span><\/a><\/p>\n","protected":false},"author":4315,"featured_media":0,"parent":0,"menu_order":0,"comment_status":"closed","ping_status":"closed","template":"","meta":[],"_links":{"self":[{"href":"https:\/\/moden.igzev.de\/de\/wp-json\/wp\/v2\/pages\/586"}],"collection":[{"href":"https:\/\/moden.igzev.de\/de\/wp-json\/wp\/v2\/pages"}],"about":[{"href":"https:\/\/moden.igzev.de\/de\/wp-json\/wp\/v2\/types\/page"}],"author":[{"embeddable":true,"href":"https:\/\/moden.igzev.de\/de\/wp-json\/wp\/v2\/users\/4315"}],"replies":[{"embeddable":true,"href":"https:\/\/moden.igzev.de\/de\/wp-json\/wp\/v2\/comments?post=586"}],"version-history":[{"count":2,"href":"https:\/\/moden.igzev.de\/de\/wp-json\/wp\/v2\/pages\/586\/revisions"}],"predecessor-version":[{"id":591,"href":"https:\/\/moden.igzev.de\/de\/wp-json\/wp\/v2\/pages\/586\/revisions\/591"}],"wp:attachment":[{"href":"https:\/\/moden.igzev.de\/de\/wp-json\/wp\/v2\/media?parent=586"}],"curies":[{"name":"wp","href":"https:\/\/api.w.org\/{rel}","templated":true}]}}