{"id":344,"date":"2016-08-05T11:22:11","date_gmt":"2016-08-05T09:22:11","guid":{"rendered":"http:\/\/localhorst\/wordpress\/?page_id=344"},"modified":"2018-05-16T15:46:26","modified_gmt":"2018-05-16T13:46:26","slug":"kontakt","status":"publish","type":"page","link":"https:\/\/moden.igzev.de\/de\/kontakt\/","title":{"rendered":"Kontakt"},"content":{"rendered":"<p>Leibniz-Institut f\u00fcr Gem\u00fcse- und Zierpflanzenbau<br \/>\nTheodor-Echtermeyer-Weg 1<br \/>\n14979 Gro\u00dfbeeren<\/p>\n<p>Carmen Feller<br \/>\n<strong>E-Mail:<\/strong> feller@igzev.de<\/p>\n<p><strong>Tel.:<\/strong> +49 (0)33 701 78\u00a0368<br \/>\n<strong>Fax:<\/strong> +49 (0)33 701 55 391<\/p>\n<p>&nbsp;<\/p>\n<p>&nbsp;<\/p>\n<p>&nbsp;<\/p>\n<p>.<\/p>\n","protected":false},"excerpt":{"rendered":"<p>Leibniz-Institut f\u00fcr Gem\u00fcse- und Zierpflanzenbau Theodor-Echtermeyer-Weg 1 14979 Gro\u00dfbeeren Carmen Feller E-Mail: feller@igzev.de Tel.: +49 (0)33 701 78\u00a0368 Fax: +49 (0)33 701 55 391 &nbsp; &nbsp; &nbsp; .<\/p>\n","protected":false},"author":4295,"featured_media":0,"parent":0,"menu_order":0,"comment_status":"closed","ping_status":"closed","template":"","meta":[],"_links":{"self":[{"href":"https:\/\/moden.igzev.de\/de\/wp-json\/wp\/v2\/pages\/344"}],"collection":[{"href":"https:\/\/moden.igzev.de\/de\/wp-json\/wp\/v2\/pages"}],"about":[{"href":"https:\/\/moden.igzev.de\/de\/wp-json\/wp\/v2\/types\/page"}],"author":[{"embeddable":true,"href":"https:\/\/moden.igzev.de\/de\/wp-json\/wp\/v2\/users\/4295"}],"replies":[{"embeddable":true,"href":"https:\/\/moden.igzev.de\/de\/wp-json\/wp\/v2\/comments?post=344"}],"version-history":[{"count":7,"href":"https:\/\/moden.igzev.de\/de\/wp-json\/wp\/v2\/pages\/344\/revisions"}],"predecessor-version":[{"id":649,"href":"https:\/\/moden.igzev.de\/de\/wp-json\/wp\/v2\/pages\/344\/revisions\/649"}],"wp:attachment":[{"href":"https:\/\/moden.igzev.de\/de\/wp-json\/wp\/v2\/media?parent=344"}],"curies":[{"name":"wp","href":"https:\/\/api.w.org\/{rel}","templated":true}]}}