{"id":332,"date":"2016-08-05T10:17:34","date_gmt":"2016-08-05T08:17:34","guid":{"rendered":"http:\/\/localhorst\/wordpress\/?page_id=332"},"modified":"2023-02-06T21:41:50","modified_gmt":"2023-02-06T20:41:50","slug":"veroeffentlichungen","status":"publish","type":"page","link":"https:\/\/moden.igzev.de\/de\/veroeffentlichungen\/","title":{"rendered":"Ver\u00f6ffentlichungen"},"content":{"rendered":"<h6>Zur MoDeN-Galerie &gt; <a href=\"https:\/\/moden.igzev.de\/veroeffentlichungen\/galerie\/\">hier<\/a><\/h6>\n<h1 class=\"isFirstInSlot\">Neue BZL-Brosch\u00fcre &#8222;Stickstoffd\u00fcngung im Freilandgem\u00fcsebau&#8220;<\/h1>\n<div class=\"abstract\">\n<p>Praxistaugliche Tipps zur effizienteren D\u00fcngung gibt die neue Brosch\u00fcre &#8222;Stickstoffd\u00fcngung im Freilandgem\u00fcsebau&#8220; des Bundesinformationszentrums Landwirtschaft (BZL). Sie fasst die Ergebnisse des Modell- und Demonstrationsvorhabens &#8222;Optimierung der Stickstoffd\u00fcngung im Freilandgem\u00fcsebau&#8220; zusammen. Die Brosch\u00fcre ist ab sofort kostenlos im\u00a0<a class=\"RichTextExtLink ExternalLink\" title=\"Externer Link\u00a0Internetangebot der BLE\" href=\"https:\/\/www.ble-medienservice.de\/\">BLE-Medienservice<\/a>\u00a0erh\u00e4ltlich.<\/p>\n<\/div>\n<p>Umsetzung Stoffstrombilanz in N-Expert: Heistermann, K., Sradnick, A., Feller, C. 2020. Stoffstrombilanz leichter gemacht. Gem\u00fcse. 56,4, 23-25<\/p>\n<p>Freisetzung aus organischen D\u00fcngern: Sradnick, A., Feller, C., 2020: A Typological Concept to Predict the Nitrogen Release from Organic Fertilizers in Farming Systems. In: Agronomy 10(9), 144<\/p>\n<p>Ver\u00f6ffentlichung in LandInForm 2\/2020 zum Thema Wissenstransfer <a href=\"https:\/\/moden.igzev.de\/wp-content\/uploads\/2021\/02\/doc04613120210216165810.pdf\">pdf<\/a><\/p>\n<p>Wann bringt die Zwischenfrucht am meisten? Wildenhues, H., Meyer, S.F., Garming, H. 2019. Gem\u00fcse. 55,10, 21-23<\/p>\n<p>Poster zu MoDeN zum\u00a0 Gem\u00fcsebau-Feldtag NRW in K\u00f6ln Auweiler, 29.08.2019 <a href=\"https:\/\/moden.igzev.de\/wp-content\/uploads\/2019\/09\/Poster-Feldtag-LWK-NRW.pdf\">pdf<\/a><\/p>\n<p>Ver\u00f6ffentlichung in Gem\u00fcse 10\/2019 zum Thema Zwischenfruchtanbau<a href=\"https:\/\/moden.igzev.de\/wp-content\/uploads\/2021\/06\/Gemuese-10-21-23.pdf\"> pdf<\/a><\/p>\n<p>Zwischenfruchtanbau im Freilandgem\u00fcsebau \u2013 \u00dcbernahmepotentiale und -barrieren einer grundwasserschonenden Ma\u00dfnahme. Wildenhues, H., Garming, H. 2019. DGG-Proceedings, Vol. 9, 2019, No. 1, p. 1-5.<\/p>\n<p>MoDeN auf der Gr\u00fcnen Woche &#8211; <a href=\"https:\/\/moden.igzev.de\/wp-content\/uploads\/2021\/02\/DSC03537-scaled.jpg\">Projekt<\/a> und <a href=\"https:\/\/moden.igzev.de\/wp-content\/uploads\/2021\/02\/DSC03522-scaled.jpg\">N-Expert<\/a> Vorstellung 2019<\/p>\n<p>Poster des <a href=\"https:\/\/www.thuenen.de\/de\/bw\/\">TI <\/a>und des <a href=\"http:\/\/www.aelf-fu.bayern.de\/\">AELF<\/a> zum \u00d6ko-Gem\u00fcsebautag in Bamberg, 03.07.2018 <a href=\"https:\/\/moden.igzev.de\/wp-content\/uploads\/2018\/07\/Poster_Homeister_2018.pdf\">pdf<\/a><\/p>\n<p>Artikel in LandInForm 2\/2018 <a href=\"https:\/\/moden.igzev.de\/wp-content\/uploads\/2016\/08\/LandInForm_2018_2_Feller.pdf\">pdf<\/a><\/p>\n<p>Pr\u00e4sentation Projektergebnisse Knoblauchsland, 27. Bundesberatertagung f\u00fcr Fachberater im Gem\u00fcsebau, 06.-08.03.2018, Gr\u00fcnberg <a href=\"https:\/\/moden.igzev.de\/wp-content\/uploads\/2016\/08\/Duemig_2018_03_07_Gr\u00fcnberg.pdf\">.pdf<\/a><\/p>\n<p>Poster auf dem 129. VD-LUFA-Kongress in Freising <a href=\"https:\/\/moden.igzev.de\/wp-content\/uploads\/2017\/09\/VDLUFA_Poster.pdf\">pdf<\/a><\/p>\n<p>Poster des <a href=\"http:\/\/www.aelf-fu.bayern.de\/\">AELF<\/a> (Tag der offenen T\u00fcr, Knoblauchsland, 07.05.2017) <a href=\"https:\/\/moden.igzev.de\/wp-content\/uploads\/2017\/05\/Poster-Tag-der-offenen-T\u00fcr-Knoblauchsland-2017-AELF-F\u00fcrth.pdf\">pdf<\/a><\/p>\n<p>Poster des <a href=\"https:\/\/www.thuenen.de\/de\/bw\/\">TI <\/a>(DGG Tagung, Osnabr\u00fcck, 2017) <a href=\"https:\/\/moden.igzev.de\/wp-content\/uploads\/2017\/05\/DGG_Hanna_2017_27.02.2017_final.pdf\">pdf<\/a><\/p>\n<p>Pressemitteilung zum 1. Projektjahr des MoDeN-Projekts <a href=\"https:\/\/moden.igzev.de\/wp-content\/uploads\/2017\/01\/MoDeN-Pressemitteilung-zum-1.-Projektjahr-MF-2017-01-04.pdf\">pdf<\/a><\/p>\n<p>Informationen des <a href=\"http:\/\/www.bmel.de\/DE\/Startseite\/startseite_node.html\">BMEL<\/a> zur D\u00fcngeverordnung <a href=\"https:\/\/www.bmel.de\/DE\/Landwirtschaft\/Pflanzenbau\/Ackerbau\/_Texte\/Duengung.html\">hier<\/a><\/p>\n<p>Ver\u00f6ffentlichungen des <a href=\"http:\/\/www.igzev.de\/\">IGZ<\/a> im Zusammenhang mit dem N-Expert System <a href=\"https:\/\/moden.igzev.de\/veroeffentlichungen-igz-zu-n-expert\/\">hier<\/a><\/p>\n\n\n<p><\/p>\n","protected":false},"excerpt":{"rendered":"<p>Zur MoDeN-Galerie &gt; hier Neue BZL-Brosch\u00fcre &#8222;Stickstoffd\u00fcngung im Freilandgem\u00fcsebau&#8220; Praxistaugliche Tipps zur effizienteren D\u00fcngung gibt die neue Brosch\u00fcre &#8222;Stickstoffd\u00fcngung im Freilandgem\u00fcsebau&#8220; des Bundesinformationszentrums Landwirtschaft (BZL). Sie fasst die Ergebnisse des Modell- und Demonstrationsvorhabens &#8222;Optimierung der Stickstoffd\u00fcngung im Freilandgem\u00fcsebau&#8220; zusammen. Die Brosch\u00fcre ist ab sofort kostenlos im\u00a0BLE-Medienservice\u00a0erh\u00e4ltlich. Umsetzung Stoffstrombilanz in N-Expert: Heistermann, K., Sradnick, A., Feller, &hellip; <a href=\"https:\/\/moden.igzev.de\/de\/veroeffentlichungen\/\" class=\"more-link\"><span class=\"screen-reader-text\">Ver\u00f6ffentlichungen<\/span> weiterlesen <span class=\"meta-nav\">&rarr;<\/span><\/a><\/p>\n","protected":false},"author":4295,"featured_media":0,"parent":0,"menu_order":0,"comment_status":"closed","ping_status":"closed","template":"","meta":[],"_links":{"self":[{"href":"https:\/\/moden.igzev.de\/de\/wp-json\/wp\/v2\/pages\/332"}],"collection":[{"href":"https:\/\/moden.igzev.de\/de\/wp-json\/wp\/v2\/pages"}],"about":[{"href":"https:\/\/moden.igzev.de\/de\/wp-json\/wp\/v2\/types\/page"}],"author":[{"embeddable":true,"href":"https:\/\/moden.igzev.de\/de\/wp-json\/wp\/v2\/users\/4295"}],"replies":[{"embeddable":true,"href":"https:\/\/moden.igzev.de\/de\/wp-json\/wp\/v2\/comments?post=332"}],"version-history":[{"count":37,"href":"https:\/\/moden.igzev.de\/de\/wp-json\/wp\/v2\/pages\/332\/revisions"}],"predecessor-version":[{"id":743,"href":"https:\/\/moden.igzev.de\/de\/wp-json\/wp\/v2\/pages\/332\/revisions\/743"}],"wp:attachment":[{"href":"https:\/\/moden.igzev.de\/de\/wp-json\/wp\/v2\/media?parent=332"}],"curies":[{"name":"wp","href":"https:\/\/api.w.org\/{rel}","templated":true}]}}